{"id":1897,"date":"2023-09-23T12:59:58","date_gmt":"2023-09-23T12:59:58","guid":{"rendered":"https:\/\/oktimeewedding.eu\/?page_id=1897"},"modified":"2023-09-23T13:01:16","modified_gmt":"2023-09-23T13:01:16","slug":"obblighi-e-responsabilita","status":"publish","type":"page","link":"https:\/\/oktimeewedding.it\/?page_id=1897","title":{"rendered":"Obblighi e Responsabilit\u00e0"},"content":{"rendered":"\n<h3 class=\"wp-block-heading\">OBBLIGHI DELL\u2019ACQUIRENTE<\/h3>\n\n\n\n<p>E\u2019 fatto severo divieto all\u2019acquirente di inserire dati falsi e\/o inventati, e\/o di fantasia, nella procedura di registrazione necessaria ad attivare nei suoi confronti l\u2019iter per l\u2019esecuzione del presente contratto e le relative ulteriori comunicazioni; i dati anagrafici e la e-mail devono essere esclusivamente i propri reali dati personali e non di terze persone, oppure di fantasia. E\u2019 espressamente vietato effettuare doppie registrazioni corrispondenti ad una sola persona o inserire dati di terze persone.<\/p>\n\n\n\n<h3 class=\"wp-block-heading\">RESPONSABILIT\u00c1 DEL VENDITORE<\/h3>\n\n\n\n<p>Ok Time. non assume alcuna responsabilit\u00e0 per i disservizi imputabili a causa di forza maggiore quali fine produzione di un articolo, incidenti, esplosioni, scioperi e\/o serrate, terremoti, alluvioni ed altri similari eventi che impedissero, in tutto o in parte, di dare esecuzione nei tempi concordati al contratto.Ok Time non sar\u00e0 responsabile nei confronti di alcuna parte in merito a danni, perdite e costi subiti a seguito della mancata esecuzione del contratto per le cause sopra citate o per la mancata accettazione anche parziale di un ordine, avendo il cliente diritto soltanto alla restituzione del prezzo corrisposto.<\/p>\n\n\n\n<h3 class=\"wp-block-heading\">GIURISDIZIONE E FORO COMPETENTE<\/h3>\n\n\n\n<p>Il presente contratto&nbsp;relativo&nbsp;all\u2019applicazione, esecuzione, interpretazione e violazione dei contratti d\u2019acquisto stipulati on-line tramite il nostro sito web \u00e8 regolato dalla legge italiana. Nel caso di utente consumatore sar\u00e0 competente il Tribunale di residenza o domicilio del consumatore, se ubicati in Italia. Per ogni altra controversia sar\u00e0 competente, invece, il Tribunale di Napoli.<\/p>\n","protected":false},"excerpt":{"rendered":"<p>OBBLIGHI DELL\u2019ACQUIRENTE E\u2019 fatto severo divieto all\u2019acquirente di inserire dati falsi e\/o inventati, e\/o di fantasia, nella procedura di registrazione necessaria ad attivare nei suoi confronti<span class=\"excerpt-hellip\"> [\u2026]<\/span><\/p>\n","protected":false},"author":2,"featured_media":0,"parent":0,"menu_order":0,"comment_status":"closed","ping_status":"closed","template":"","meta":{"_themeisle_gutenberg_block_has_review":false,"footnotes":""},"class_list":["post-1897","page","type-page","status-publish","hentry"],"jetpack_sharing_enabled":true,"_links":{"self":[{"href":"https:\/\/oktimeewedding.it\/index.php?rest_route=\/wp\/v2\/pages\/1897","targetHints":{"allow":["GET"]}}],"collection":[{"href":"https:\/\/oktimeewedding.it\/index.php?rest_route=\/wp\/v2\/pages"}],"about":[{"href":"https:\/\/oktimeewedding.it\/index.php?rest_route=\/wp\/v2\/types\/page"}],"author":[{"embeddable":true,"href":"https:\/\/oktimeewedding.it\/index.php?rest_route=\/wp\/v2\/users\/2"}],"replies":[{"embeddable":true,"href":"https:\/\/oktimeewedding.it\/index.php?rest_route=%2Fwp%2Fv2%2Fcomments&post=1897"}],"version-history":[{"count":1,"href":"https:\/\/oktimeewedding.it\/index.php?rest_route=\/wp\/v2\/pages\/1897\/revisions"}],"predecessor-version":[{"id":1898,"href":"https:\/\/oktimeewedding.it\/index.php?rest_route=\/wp\/v2\/pages\/1897\/revisions\/1898"}],"wp:attachment":[{"href":"https:\/\/oktimeewedding.it\/index.php?rest_route=%2Fwp%2Fv2%2Fmedia&parent=1897"}],"curies":[{"name":"wp","href":"https:\/\/api.w.org\/{rel}","templated":true}]}}